{"id":51,"date":"2019-06-29T09:50:47","date_gmt":"2019-06-29T07:50:47","guid":{"rendered":"http:\/\/rekrutacja.wsgk.com.pl\/?page_id=51"},"modified":"2025-05-16T09:40:15","modified_gmt":"2025-05-16T07:40:15","slug":"warunkiem-przyjecia-na-studia-i-stopnia-jest-zlozenie-kompletu-dokumentow","status":"publish","type":"page","link":"https:\/\/rekrutacja.wsgk.com.pl\/index.php\/warunkiem-przyjecia-na-studia-i-stopnia-jest-zlozenie-kompletu-dokumentow\/","title":{"rendered":"Zapisz si\u0119 na studia I stopnia"},"content":{"rendered":"\t\t<div data-elementor-type=\"wp-page\" data-elementor-id=\"51\" class=\"elementor elementor-51\">\n\t\t\t\t<div class=\"elementor-element elementor-element-dbd961d e-flex e-con-boxed e-con e-parent\" data-id=\"dbd961d\" data-element_type=\"container\" data-e-type=\"container\">\n\t\t\t\t\t<div class=\"e-con-inner\">\n\t\t\t\t<div class=\"elementor-element elementor-element-a00c626 elementor-widget elementor-widget-html\" data-id=\"a00c626\" data-element_type=\"widget\" data-e-type=\"widget\" data-widget_type=\"html.default\">\n\t\t\t\t<div class=\"elementor-widget-container\">\n\t\t\t\t\t<!DOCTYPE html>\n<html lang=\"pl\">\n<head>\n  <meta charset=\"UTF-8\">\n  <meta name=\"viewport\" content=\"width=device-width, initial-scale=1\">\n  <title>Rekrutacja \u2013 Studia I stopnia<\/title>\n  <style>\n    body {\n      font-family: 'Segoe UI', sans-serif;\n      background: #f2f6fa;\n      color: #2c3e50;\n      margin: 0;\n      padding: 0;\n    }\n\n    .container {\n      max-width: 1200px;\n      margin: 0 auto;\n      padding: 60px 20px;\n    }\n\n    h1, h2 {\n      text-align: center;\n      color: #005f73;\n      margin-bottom: 30px;\n    }\n\n    .step {\n      background: #ffffff;\n      border-radius: 16px;\n      padding: 30px 40px;\n      margin-bottom: 40px;\n      box-shadow: 0 10px 25px rgba(0, 0, 0, 0.05);\n      transition: transform 0.3s;\n    }\n\n    .step:hover {\n      transform: scale(1.01);\n    }\n\n    .step h2 {\n      font-size: 1.5rem;\n      margin-top: 0;\n    }\n\n    ul {\n      padding-left: 1.5rem;\n      font-size: 1rem;\n      line-height: 1.8;\n    }\n\n    a {\n      color: #0a9396;\n      text-decoration: underline;\n    }\n\n    .cta-button {\n      display: inline-block;\n      background: linear-gradient(135deg, #00bfa6, #00796b);\n      color: #fff;\n      padding: 14px 28px;\n      border-radius: 10px;\n      font-size: 1.1rem;\n      font-weight: bold;\n      text-decoration: none;\n      margin-top: 15px;\n      box-shadow: 0 5px 12px rgba(0, 0, 0, 0.1);\n      transition: all 0.3s ease;\n    }\n\n    .cta-button:hover {\n      transform: scale(1.05);\n      background: linear-gradient(135deg, #00796b, #005f73);\n    }\n\n    .icon {\n      font-size: 1.2rem;\n      margin-right: 8px;\n    }\n\n    @media screen and (max-width: 768px) {\n      .step {\n        padding: 20px;\n      }\n      h1 {\n        font-size: 1.8rem;\n      }\n    }\n  <\/style>\n<\/head>\n<body>\n  <div class=\"container\">\n    <h1>\ud83d\udcd8 Rekrutacja \u2013 Studia I stopnia<\/h1>\n\n    <div class=\"step\">\n      <h2>\ud83d\udcd1 Krok 1: Zapoznaj si\u0119 z dokumentami<\/h2>\n      <ul>\n        <li><span class=\"icon\">\ud83d\udcc4<\/span><a href=\"https:\/\/wsgk.com.pl\/wp-content\/uploads\/2025\/04\/regulamin_platnosci.pdf\" target=\"_blank\">Regulamin p\u0142atno\u015bci ANSGK<\/a><\/li>\n        <li><span class=\"icon\">\ud83d\udcca<\/span><a href=\"https:\/\/wsgk.com.pl\/wp-content\/uploads\/2025\/04\/tabela_oplat.pdf\" target=\"_blank\">Tabela op\u0142at<\/a><\/li>\n        <li><span class=\"icon\">\ud83d\udcd8<\/span><a href=\"https:\/\/wsgk.com.pl\/wp-content\/uploads\/dokumenty_wsgk\/regulamin_studi%C3%B3w_2023.pdf\" target=\"_blank\">Regulamin studi\u00f3w<\/a><\/li>\n        <li><span class=\"icon\">\ud83d\udd12<\/span><a href=\"https:\/\/wsgk.com.pl\/wp-content\/uploads\/dokumenty_wsgk\/klauzula_informacyjna_wsgk.pdf\" target=\"_blank\">Klauzula informacyjna<\/a><\/li>\n      <\/ul>\n    <\/div>\n\n    <div class=\"step\">\n      <h2>\u270d\ufe0f Krok 2: Wype\u0142nij ankiet\u0119 osobow\u0105<\/h2>\n      <a class=\"cta-button\" href=\"https:\/\/rekrutacja.wsgk.com.pl\/index.php\/ankieta-osobowa-na-studia-i-stopnia\/\" target=\"_blank\">\n        \ud83d\udcec WYPE\u0141NIJ ANKIET\u0118 OSOBOW\u0104 ONLINE\n      <\/a>\n    <\/div>\n\n    <div class=\"step\">\n      <h2>\ud83d\udce6 Krok 3: Przygotuj dokumenty<\/h2>\n      <ul>\n        <li>\ud83e\udeaa Kopia \u015bwiadectwa dojrza\u0142o\u015bci (orygina\u0142 do wgl\u0105du)<\/li>\n        <li>\ud83d\udcdc Kopia \u015bwiadectwa uko\u0144czenia szko\u0142y \u015bredniej (je\u015bli wymagane)<\/li>\n        <li>\ud83c\udf93 Dyplom uko\u0144czenia studi\u00f3w + suplement (je\u015bli dotyczy)<\/li>\n        <li>\ud83d\uddbc\ufe0f 2 fotografie (format jak do dowodu osobistego)<\/li>\n        <li>\ud83d\udda5\ufe0f Fotografia elektroniczna <a href=\"https:\/\/wsgk.com.pl\/legitymacja-studencka\/\" target=\"_blank\">ZOBACZ WYMAGANIA<\/a><\/li>\n        <li>\ud83d\udcb3 Dow\u00f3d wp\u0142aty rekrutacyjnej<\/li>\n        <li>\ud83e\ude7a Orzeczenie lekarskie (piel\u0119gniarstwo, ratownictwo medyczne)<\/li>\n      <\/ul>\n    <\/div>\n  <\/div>\n<\/body>\n<\/html>\t\t\t\t<\/div>\n\t\t\t\t<\/div>\n\t\t\t\t\t<\/div>\n\t\t\t\t<\/div>\n\t\t\t\t<\/div>\n\t\t","protected":false},"excerpt":{"rendered":"<p>Rekrutacja \u2013 Studia I stopnia \ud83d\udcd8 Rekrutacja \u2013 Studia I stopnia \ud83d\udcd1 Krok 1: Zapoznaj si\u0119 z dokumentami \ud83d\udcc4Regulamin p\u0142atno\u015bci ANSGK \ud83d\udccaTabela op\u0142at \ud83d\udcd8Regulamin studi\u00f3w \ud83d\udd12Klauzula informacyjna \u270d\ufe0f Krok 2: Wype\u0142nij ankiet\u0119 osobow\u0105 \ud83d\udcec WYPE\u0141NIJ ANKIET\u0118 OSOBOW\u0104 ONLINE \ud83d\udce6 Krok 3: Przygotuj dokumenty \ud83e\udeaa Kopia \u015bwiadectwa dojrza\u0142o\u015bci (orygina\u0142 do wgl\u0105du) \ud83d\udcdc Kopia \u015bwiadectwa uko\u0144czenia szko\u0142y&hellip; <br \/> <a class=\"read-more\" href=\"https:\/\/rekrutacja.wsgk.com.pl\/index.php\/warunkiem-przyjecia-na-studia-i-stopnia-jest-zlozenie-kompletu-dokumentow\/\">Dowiedz si\u0119 wi\u0119cej<\/a><\/p>\n","protected":false},"author":1,"featured_media":0,"parent":0,"menu_order":0,"comment_status":"closed","ping_status":"closed","template":"","meta":{"footnotes":""},"class_list":["post-51","page","type-page","status-publish","hentry"],"_links":{"self":[{"href":"https:\/\/rekrutacja.wsgk.com.pl\/index.php\/wp-json\/wp\/v2\/pages\/51","targetHints":{"allow":["GET"]}}],"collection":[{"href":"https:\/\/rekrutacja.wsgk.com.pl\/index.php\/wp-json\/wp\/v2\/pages"}],"about":[{"href":"https:\/\/rekrutacja.wsgk.com.pl\/index.php\/wp-json\/wp\/v2\/types\/page"}],"author":[{"embeddable":true,"href":"https:\/\/rekrutacja.wsgk.com.pl\/index.php\/wp-json\/wp\/v2\/users\/1"}],"replies":[{"embeddable":true,"href":"https:\/\/rekrutacja.wsgk.com.pl\/index.php\/wp-json\/wp\/v2\/comments?post=51"}],"version-history":[{"count":50,"href":"https:\/\/rekrutacja.wsgk.com.pl\/index.php\/wp-json\/wp\/v2\/pages\/51\/revisions"}],"predecessor-version":[{"id":366,"href":"https:\/\/rekrutacja.wsgk.com.pl\/index.php\/wp-json\/wp\/v2\/pages\/51\/revisions\/366"}],"wp:attachment":[{"href":"https:\/\/rekrutacja.wsgk.com.pl\/index.php\/wp-json\/wp\/v2\/media?parent=51"}],"curies":[{"name":"wp","href":"https:\/\/api.w.org\/{rel}","templated":true}]}}