{"id":228,"date":"2023-04-12T08:24:22","date_gmt":"2023-04-12T06:24:22","guid":{"rendered":"https:\/\/rekrutacja.wsgk.com.pl\/?page_id=228"},"modified":"2023-04-12T08:24:57","modified_gmt":"2023-04-12T06:24:57","slug":"ogolnoksztalcace-liceum-akademickie","status":"publish","type":"page","link":"https:\/\/rekrutacja.wsgk.com.pl\/index.php\/ogolnoksztalcace-liceum-akademickie\/","title":{"rendered":"OG\u00d3LNOKSZTA\u0141C\u0104CE LICEUM AKADEMICKIE"},"content":{"rendered":"\n<h2 class=\"wp-block-heading\">TRWA AKTUALIZACJA&#8230;<\/h2>\n","protected":false},"excerpt":{"rendered":"<p>TRWA AKTUALIZACJA&#8230;<\/p>\n","protected":false},"author":1,"featured_media":0,"parent":0,"menu_order":0,"comment_status":"closed","ping_status":"closed","template":"","meta":{"footnotes":""},"class_list":["post-228","page","type-page","status-publish","hentry"],"_links":{"self":[{"href":"https:\/\/rekrutacja.wsgk.com.pl\/index.php\/wp-json\/wp\/v2\/pages\/228","targetHints":{"allow":["GET"]}}],"collection":[{"href":"https:\/\/rekrutacja.wsgk.com.pl\/index.php\/wp-json\/wp\/v2\/pages"}],"about":[{"href":"https:\/\/rekrutacja.wsgk.com.pl\/index.php\/wp-json\/wp\/v2\/types\/page"}],"author":[{"embeddable":true,"href":"https:\/\/rekrutacja.wsgk.com.pl\/index.php\/wp-json\/wp\/v2\/users\/1"}],"replies":[{"embeddable":true,"href":"https:\/\/rekrutacja.wsgk.com.pl\/index.php\/wp-json\/wp\/v2\/comments?post=228"}],"version-history":[{"count":2,"href":"https:\/\/rekrutacja.wsgk.com.pl\/index.php\/wp-json\/wp\/v2\/pages\/228\/revisions"}],"predecessor-version":[{"id":232,"href":"https:\/\/rekrutacja.wsgk.com.pl\/index.php\/wp-json\/wp\/v2\/pages\/228\/revisions\/232"}],"wp:attachment":[{"href":"https:\/\/rekrutacja.wsgk.com.pl\/index.php\/wp-json\/wp\/v2\/media?parent=228"}],"curies":[{"name":"wp","href":"https:\/\/api.w.org\/{rel}","templated":true}]}}