{"id":2,"date":"2019-06-28T08:39:58","date_gmt":"2019-06-28T08:39:58","guid":{"rendered":"http:\/\/rekrutacja.wsgk.com.pl\/?page_id=2"},"modified":"2019-06-29T11:17:17","modified_gmt":"2019-06-29T09:17:17","slug":"przykladowa-strona","status":"publish","type":"page","link":"https:\/\/rekrutacja.wsgk.com.pl\/index.php\/przykladowa-strona\/","title":{"rendered":"System Rekrutacji WSGK"},"content":{"rendered":"\n<ul class=\"wp-block-list\"><li><a href=\"https:\/\/files.clickweb.home.pl\/f8\/c0\/f8c0bd0e-5a12-4fb3-a8a3-9de1f9fbe085.pdf\">REGULAMIN STUDI\u00d3W WSGK<\/a><\/li><li><a href=\"https:\/\/files.clickweb.home.pl\/61\/6d\/616d9dae-c0ef-4ca1-89f7-f47971945ccf.pdf\">REGULAMIN P\u0141ATNO\u015aCI WSGK<\/a><\/li><li><a href=\"https:\/\/files.clickweb.home.pl\/91\/57\/9157afe3-6d57-4dfa-8d23-f26005158dfd.pdf\">KLAUZULA INFORMACYJNA<\/a><\/li><\/ul>\n\n\n\n<p><\/p>\n","protected":false},"excerpt":{"rendered":"<p>REGULAMIN STUDI\u00d3W WSGK REGULAMIN P\u0141ATNO\u015aCI WSGK KLAUZULA INFORMACYJNA<\/p>\n","protected":false},"author":1,"featured_media":0,"parent":0,"menu_order":0,"comment_status":"closed","ping_status":"open","template":"","meta":{"footnotes":""},"class_list":["post-2","page","type-page","status-publish","hentry"],"_links":{"self":[{"href":"https:\/\/rekrutacja.wsgk.com.pl\/index.php\/wp-json\/wp\/v2\/pages\/2","targetHints":{"allow":["GET"]}}],"collection":[{"href":"https:\/\/rekrutacja.wsgk.com.pl\/index.php\/wp-json\/wp\/v2\/pages"}],"about":[{"href":"https:\/\/rekrutacja.wsgk.com.pl\/index.php\/wp-json\/wp\/v2\/types\/page"}],"author":[{"embeddable":true,"href":"https:\/\/rekrutacja.wsgk.com.pl\/index.php\/wp-json\/wp\/v2\/users\/1"}],"replies":[{"embeddable":true,"href":"https:\/\/rekrutacja.wsgk.com.pl\/index.php\/wp-json\/wp\/v2\/comments?post=2"}],"version-history":[{"count":8,"href":"https:\/\/rekrutacja.wsgk.com.pl\/index.php\/wp-json\/wp\/v2\/pages\/2\/revisions"}],"predecessor-version":[{"id":88,"href":"https:\/\/rekrutacja.wsgk.com.pl\/index.php\/wp-json\/wp\/v2\/pages\/2\/revisions\/88"}],"wp:attachment":[{"href":"https:\/\/rekrutacja.wsgk.com.pl\/index.php\/wp-json\/wp\/v2\/media?parent=2"}],"curies":[{"name":"wp","href":"https:\/\/api.w.org\/{rel}","templated":true}]}}